{"id":44541,"date":"2026-01-31T08:25:53","date_gmt":"2026-01-31T08:25:53","guid":{"rendered":"https:\/\/tn-logistics.com\/?page_id=44541"},"modified":"2026-02-02T12:11:23","modified_gmt":"2026-02-02T12:11:23","slug":"qualite-sante-securite-et-environnement-hsse","status":"publish","type":"page","link":"https:\/\/tn-logistics.com\/en\/qualite-sante-securite-et-environnement-hsse\/","title":{"rendered":"Qualit\u00e9, Sant\u00e9, S\u00e9curit\u00e9 et Environnement (HSSE)"},"content":{"rendered":"<div data-elementor-type=\"wp-page\" data-elementor-id=\"44541\" class=\"elementor elementor-44541\">\n\t\t\t\t<div class=\"elementor-element elementor-element-591cc9c e-flex e-con-boxed content-parallax-no e-con e-parent\" data-id=\"591cc9c\" data-element_type=\"container\" data-e-type=\"container\">\n\t\t\t\t\t<div class=\"e-con-inner\">\n\t\t<div class=\"elementor-element elementor-element-c9a3729 e-con-full e-flex content-parallax-no e-con e-child\" data-id=\"c9a3729\" data-element_type=\"container\" data-e-type=\"container\">\n\t\t\t\t<div class=\"elementor-element elementor-element-432bc45 elementor-widget elementor-widget-text-editor\" data-id=\"432bc45\" data-element_type=\"widget\" data-e-type=\"widget\" data-widget_type=\"text-editor.default\">\n\t\t\t\t\t\t\t\t\t<section id=\"introduction\"><h1>HSSE &amp; Qualit\u00e9\u00a0<\/h1><p>TN Logistics applique une politique rigoureuse en mati\u00e8re de qualit\u00e9, de sant\u00e9, de s\u00e9curit\u00e9 et de protection de l&rsquo;environnement. Chaque projet est men\u00e9 dans le respect strict des exigences HSSE et r\u00e9glementaires, avec une conformit\u00e9 assur\u00e9e tout au long des op\u00e9rations. Notre approche int\u00e9gr\u00e9e garantit non seulement la s\u00e9curit\u00e9 de nos collaborateurs, mais aussi la fiabilit\u00e9 de nos services et la protection de l&rsquo;environnement.<\/p><\/section><section id=\"certification\"><div class=\"two-columns\"><div><h2>Notre Certification et Engagement Qualit\u00e9<\/h2><p>Notre syst\u00e8me de management est certifi\u00e9 ISO 9001:2015, attestant de la fiabilit\u00e9 de nos processus et de notre engagement envers l&rsquo;am\u00e9lioration continue. Cette certification reconnue internationalement confirme notre capacit\u00e9 \u00e0 fournir des services conformes aux attentes de nos clients et aux exigences r\u00e9glementaires.<\/p><p>L&rsquo;obtention et le maintien de cette certification d\u00e9montrent notre volont\u00e9 de structurer notre organisation selon des standards \u00e9lev\u00e9s de qualit\u00e9. Nous mettons en \u0153uvre des proc\u00e9dures document\u00e9es et des indicateurs de performance qui nous permettent d&rsquo;\u00e9valuer et d&rsquo;am\u00e9liorer constamment nos pratiques.<\/p><div class=\"img-container\">\u00a0<\/div><\/div><\/div><\/section>\t\t\t\t\t\t\t\t<\/div>\n\t\t\t\t<\/div>\n\t\t<div class=\"elementor-element elementor-element-8a712cb e-con-full e-flex content-parallax-no e-con e-child\" data-id=\"8a712cb\" data-element_type=\"container\" data-e-type=\"container\">\n\t\t\t\t<div class=\"elementor-element elementor-element-15331f0 elementor-widget elementor-widget-image\" data-id=\"15331f0\" data-element_type=\"widget\" data-e-type=\"widget\" data-widget_type=\"image.default\">\n\t\t\t\t\t\t\t\t\t\t\t\t<figure class=\"wp-caption\">\n\t\t\t\t\t\t\t\t\t\t<img fetchpriority=\"high\" decoding=\"async\" width=\"800\" height=\"1012\" src=\"https:\/\/tn-logistics.com\/wp-content\/uploads\/2026\/01\/TN_ISO000_9K.jpg\" class=\"attachment-full size-full wp-image-44543\" alt=\"Certification ISO 9001:2015 de TN Logistics pour le syst\u00e8me de management HSSE &amp; Qualit\u00e9 (Qualit\u00e9, Sant\u00e9, S\u00e9curit\u00e9 et Environnement)\" srcset=\"https:\/\/tn-logistics.com\/wp-content\/uploads\/2026\/01\/TN_ISO000_9K.jpg 800w, https:\/\/tn-logistics.com\/wp-content\/uploads\/2026\/01\/TN_ISO000_9K-768x972.jpg 768w\" sizes=\"(max-width: 800px) 100vw, 800px\" \/>\t\t\t\t\t\t\t\t\t\t\t<figcaption class=\"widget-image-caption wp-caption-text\">Certification ISO 9001:2015 - Gage de qualit\u00e9 et de fiabilit\u00e9<\/figcaption>\n\t\t\t\t\t\t\t\t\t\t<\/figure>\n\t\t\t\t\t\t\t\t\t<\/div>\n\t\t\t\t<\/div>\n\t\t<div class=\"elementor-element elementor-element-384e67f e-con-full e-flex content-parallax-no e-con e-child\" data-id=\"384e67f\" data-element_type=\"container\" data-e-type=\"container\">\n\t\t\t\t<div class=\"elementor-element elementor-element-21a5a6b elementor-widget elementor-widget-text-editor\" data-id=\"21a5a6b\" data-element_type=\"widget\" data-e-type=\"widget\" data-widget_type=\"text-editor.default\">\n\t\t\t\t\t\t\t\t\t<h2>Notre Certification et Engagement Qualit\u00e9<\/h2>\nNotre syst\u00e8me de management est certifi\u00e9 ISO 9001:2015, attestant de la fiabilit\u00e9 de nos processus et de notre engagement envers l&rsquo;am\u00e9lioration continue. Cette certification reconnue internationalement confirme notre capacit\u00e9 \u00e0 fournir des services conformes aux attentes de nos clients et aux exigences r\u00e9glementaires.\n\nL&rsquo;obtention et le maintien de cette certification d\u00e9montrent notre volont\u00e9 de structurer notre organisation selon des standards \u00e9lev\u00e9s de qualit\u00e9. Nous mettons en \u0153uvre des proc\u00e9dures document\u00e9es et des indicateurs de performance qui nous permettent d&rsquo;\u00e9valuer et d&rsquo;am\u00e9liorer constamment nos pratiques.\n<h3>Les Piliers de Notre Syst\u00e8me de Management<\/h3>\n<ul>\n \t<li>Approche processus et am\u00e9lioration continue<\/li>\n \t<li>Leadership et engagement de la direction<\/li>\n \t<li>Planification et gestion des risques<\/li>\n \t<li>\u00c9valuation des performances par indicateurs<\/li>\n \t<li>Revue r\u00e9guli\u00e8re du syst\u00e8me de management<\/li>\n<\/ul>\nNotre syst\u00e8me de management int\u00e9gr\u00e9 nous permet d&rsquo;optimiser nos ressources tout en garantissant la qualit\u00e9 de nos services. Nous avons d\u00e9velopp\u00e9 des outils de suivi et d&rsquo;analyse qui nous aident \u00e0 identifier les opportunit\u00e9s d&rsquo;am\u00e9lioration et \u00e0 mettre en \u0153uvre des actions correctives efficaces.\n<h2>Notre Syst\u00e8me de Management HSSE<\/h2>\nLe syst\u00e8me de management HSSE de TN Logistics s&rsquo;articule autour de quatre domaines compl\u00e9mentaires, conform\u00e9ment aux normes internationales. Cette approche int\u00e9gr\u00e9e nous permet d&rsquo;assurer une gestion coh\u00e9rente et efficace des risques li\u00e9s \u00e0 nos activit\u00e9s.\n<h4>Qualit\u00e9<\/h4>\nNous assurons la conformit\u00e9 de nos services aux exigences de nos clients et aux normes applicables. Notre d\u00e9marche qualit\u00e9 vise l&rsquo;am\u00e9lioration continue de nos processus et la satisfaction de nos parties prenantes.\n<h4>Hygi\u00e8ne<\/h4>\nNous veillons au respect des r\u00e8gles d&rsquo;hygi\u00e8ne dans tous nos environnements de travail. Des proc\u00e9dures strictes sont mises en place pour garantir des conditions sanitaires optimales.\n\n\n<h4>S\u00e9curit\u00e9<\/h4>\nLa s\u00e9curit\u00e9 de nos collaborateurs et de nos op\u00e9rations est une priorit\u00e9 absolue. Nous identifions et \u00e9valuons syst\u00e9matiquement les risques pour mettre en place des mesures de pr\u00e9vention adapt\u00e9es.\n<h4>Environnement<\/h4>\nNous nous engageons \u00e0 minimiser l&rsquo;impact environnemental de nos activit\u00e9s. Des objectifs de r\u00e9duction de notre empreinte \u00e9cologique sont d\u00e9finis et suivis r\u00e9guli\u00e8rement.\n\n<\/div>\n<\/div>\n<\/div>\n<\/div>\n<\/div>\t\t\t\t\t\t\t\t<\/div>\n\t\t\t\t<\/div>\n\t\t<div class=\"elementor-element elementor-element-2ef643f e-con-full e-flex content-parallax-no e-con e-child\" data-id=\"2ef643f\" data-element_type=\"container\" data-e-type=\"container\">\n\t\t\t\t<div class=\"elementor-element elementor-element-e5f967e elementor-widget elementor-widget-text-editor\" data-id=\"e5f967e\" data-element_type=\"widget\" data-e-type=\"widget\" data-widget_type=\"text-editor.default\">\n\t\t\t\t\t\t\t\t\t<section id=\"conclusion\"><h2>Notre Engagement pour l&rsquo;Excellence<\/h2><p>La politique HSSE de TN Logistics n&rsquo;est pas simplement une obligation r\u00e9glementaire, mais un v\u00e9ritable engagement pour l&rsquo;excellence op\u00e9rationnelle. En pla\u00e7ant la qualit\u00e9, la sant\u00e9, la s\u00e9curit\u00e9 et l&rsquo;environnement au c\u0153ur de notre strat\u00e9gie, nous cr\u00e9ons de la valeur pour nos clients tout en prot\u00e9geant nos collaborateurs et notre environnement.<\/p><p>Cette approche garantit des op\u00e9rations s\u00e9curis\u00e9es et ma\u00eetris\u00e9es, renforce la confiance de nos partenaires et clients, et d\u00e9montre que TN Logistics agit dans le respect des personnes, des biens et de l&rsquo;environnement.<\/p><\/section>\t\t\t\t\t\t\t\t<\/div>\n\t\t\t\t<\/div>\n\t\t\t\t\t<\/div>\n\t\t\t\t<\/div>\n\t\t\t\t<\/div>","protected":false},"excerpt":{"rendered":"<p>HSSE &amp; Qualit\u00e9\u00a0 TN Logistics applique une politique rigoureuse en mati\u00e8re de qualit\u00e9, de sant\u00e9, de s\u00e9curit\u00e9 et de protection de l&rsquo;environnement. Chaque projet est men\u00e9 dans..<\/p>","protected":false},"author":1,"featured_media":0,"parent":0,"menu_order":0,"comment_status":"closed","ping_status":"closed","template":"","meta":{"footnotes":""},"class_list":["post-44541","page","type-page","status-publish","hentry"],"_links":{"self":[{"href":"https:\/\/tn-logistics.com\/en\/wp-json\/wp\/v2\/pages\/44541","targetHints":{"allow":["GET"]}}],"collection":[{"href":"https:\/\/tn-logistics.com\/en\/wp-json\/wp\/v2\/pages"}],"about":[{"href":"https:\/\/tn-logistics.com\/en\/wp-json\/wp\/v2\/types\/page"}],"author":[{"embeddable":true,"href":"https:\/\/tn-logistics.com\/en\/wp-json\/wp\/v2\/users\/1"}],"replies":[{"embeddable":true,"href":"https:\/\/tn-logistics.com\/en\/wp-json\/wp\/v2\/comments?post=44541"}],"version-history":[{"count":13,"href":"https:\/\/tn-logistics.com\/en\/wp-json\/wp\/v2\/pages\/44541\/revisions"}],"predecessor-version":[{"id":44558,"href":"https:\/\/tn-logistics.com\/en\/wp-json\/wp\/v2\/pages\/44541\/revisions\/44558"}],"wp:attachment":[{"href":"https:\/\/tn-logistics.com\/en\/wp-json\/wp\/v2\/media?parent=44541"}],"curies":[{"name":"wp","href":"https:\/\/api.w.org\/{rel}","templated":true}]}}