{"id":44049,"date":"2024-07-22T06:49:00","date_gmt":"2024-07-22T06:49:00","guid":{"rendered":"https:\/\/wordpress.zozothemes.com\/tranzkart\/?page_id=44049"},"modified":"2026-02-02T12:11:23","modified_gmt":"2026-02-02T12:11:23","slug":"nos-services","status":"publish","type":"page","link":"https:\/\/tn-logistics.com\/en\/nos-services\/","title":{"rendered":"Nos Services"},"content":{"rendered":"<div data-elementor-type=\"wp-page\" data-elementor-id=\"44049\" class=\"elementor elementor-44049\">\n\t\t\t\t<div class=\"elementor-element elementor-element-7b48c94 e-flex e-con-boxed content-parallax-no e-con e-parent\" data-id=\"7b48c94\" data-element_type=\"container\" data-e-type=\"container\">\n\t\t\t\t\t<div class=\"e-con-inner\">\n\t\t\t\t<div class=\"elementor-element elementor-element-cc670f2 elementor-widget elementor-widget-text-editor\" data-id=\"cc670f2\" data-element_type=\"widget\" data-e-type=\"widget\" data-widget_type=\"text-editor.default\">\n\t\t\t\t\t\t\t\t\t<h3 data-start=\"115\" data-end=\"158\">Nos Services de Transport et Logistique<\/h3><p data-start=\"160\" data-end=\"373\">Explorez une offre compl\u00e8te de services de transport et de logistique, pens\u00e9e pour r\u00e9pondre aux exigences de votre activit\u00e9. Chaque solution est con\u00e7ue pour assurer performance, fiabilit\u00e9 et clart\u00e9 \u00e0 chaque \u00e9tape.<\/p><p data-start=\"375\" data-end=\"606\">TN Logistics propose des services adapt\u00e9s \u00e0 chaque besoin m\u00e9tier. Nous accompagnons les entreprises dans la gestion quotidienne de leurs flux. Le transport, le stockage et l\u2019organisation logistique sont pris en charge avec rigueur.<\/p><p data-start=\"608\" data-end=\"756\" data-is-last-node=\"\" data-is-only-node=\"\">Nos solutions respectent les normes en vigueur et s\u2019adaptent \u00e0 votre secteur. Vous b\u00e9n\u00e9ficiez ainsi d\u2019une logistique ma\u00eetris\u00e9e, efficace et durable.<\/p>\t\t\t\t\t\t\t\t<\/div>\n\t\t\t\t\t<\/div>\n\t\t\t\t<\/div>\n\t\t<div class=\"elementor-element elementor-element-77b944f e-flex e-con-boxed content-parallax-no e-con e-parent\" data-id=\"77b944f\" data-element_type=\"container\" data-e-type=\"container\">\n\t\t\t\t\t<div class=\"e-con-inner\">\n\t\t<div class=\"elementor-element elementor-element-67ed61b e-con-full e-grid content-parallax-no e-con e-child\" data-id=\"67ed61b\" data-element_type=\"container\" data-e-type=\"container\">\n\t\t\t\t<div class=\"elementor-element elementor-element-1fb06a7 cus-service-flip cea-primary-icon-view-default cea-secondary-icon-view-default elementor-widget elementor-widget-ceaflipbox\" data-id=\"1fb06a7\" data-element_type=\"widget\" data-e-type=\"widget\" data-widget_type=\"ceaflipbox.default\">\n\t\t\t\t<div class=\"elementor-widget-container flip-box-wrapper\">\n\t\t\t<div class=\"flip-box-inner imghvr-fade\"><div class=\"flip-front\"><div class=\"flip-front-inner\"><div class=\"flip-box-image\"><img decoding=\"async\" src=\"https:\/\/tn-logistics.com\/wp-content\/uploads\/elementor\/thumbs\/serv-icon-1-1-rmypegh53lyxpf5hv6ai985hey31r3665jxy8pir28.webp\" title=\"serv-icon-1-1\" alt=\"serv-icon-1-1\" class=\"img-fluid squared\" \/><\/div><h4 class=\"flip-box-title\">Transport et Distribution<\/h4><\/div><!-- .flip-front-inner --><\/div><!-- .flip-front --><div class=\"flip-back\"><div class=\"flip-back-inner\"><div class=\"flip-box-image\"><img decoding=\"async\" width=\"80\" height=\"80\" src=\"https:\/\/tn-logistics.com\/wp-content\/uploads\/2026\/01\/serv-icon-1-1-80x80.webp\" class=\"attachment-thumbnail size-thumbnail img-fluid squared\" alt=\"\" srcset=\"https:\/\/tn-logistics.com\/wp-content\/uploads\/2026\/01\/serv-icon-1-1-80x80.webp 80w, https:\/\/tn-logistics.com\/wp-content\/uploads\/2026\/01\/serv-icon-1-1.webp 250w\" sizes=\"(max-width: 80px) 100vw, 80px\" \/><\/div><h4 class=\"flip-box-title\">Transport et Distribution<\/h4><div class=\"flip-content\">Assure le transport de vos marchandises sur tout le territoire avec suivi pr\u00e9cis des livraisons.<\/div>\t\t\t\t\t<div class=\"cea-button-wrapper\">\n\t\t\t\t\t\t<a href=\"\/en\/transport-et-distribution\/\" class=\"cea-button-link elementor-button cea-button elementor-size-sm\">\n\t\t\t\t\t\t\t\t\t\t<span class=\"cea-button-content-wrapper\">\n\t\t\t\t\t\t\t\t<span class=\"cea-button-icon cea-align-icon-right\">\n\t\t\t\t\t<i aria-hidden=\"true\" class=\"bi-chevron-double-right\"><\/i>\t\t\t\t<\/span>\n\t\t\t\t\t\t\t\t<span class=\"cea-button-text\">Savoir Plus<\/span>\n\t\t\t<\/span>\n\t\t\t\t\t\t\t\t\t<\/a>\n\t\t\t\t\t<\/div>\n\t\t\t\t\t<\/div><!-- .flip-back-inner --><\/div><!-- .flip-back --><\/div><!-- .flip-inner -->\t\t<\/div>\n\t\t\t\t<\/div>\n\t\t\t\t<div class=\"elementor-element elementor-element-d9209f9 cus-service-flip cea-primary-icon-view-default cea-secondary-icon-view-default elementor-widget elementor-widget-ceaflipbox\" data-id=\"d9209f9\" data-element_type=\"widget\" data-e-type=\"widget\" data-widget_type=\"ceaflipbox.default\">\n\t\t\t\t<div class=\"elementor-widget-container flip-box-wrapper\">\n\t\t\t<div class=\"flip-box-inner imghvr-fade\"><div class=\"flip-front\"><div class=\"flip-front-inner\"><div class=\"flip-box-image\"><img decoding=\"async\" src=\"https:\/\/tn-logistics.com\/wp-content\/uploads\/elementor\/thumbs\/cargo-ship-1-rmypegh53lyxpf5hv6ai985hey31r3665jxy8pir28.webp\" title=\"cargo-ship-1\" alt=\"cargo-ship-1\" class=\"img-fluid squared\" \/><\/div><h4 class=\"flip-box-title\">Terminal Logistique Moderne<\/h4><\/div><!-- .flip-front-inner --><\/div><!-- .flip-front --><div class=\"flip-back\"><div class=\"flip-back-inner\"><div class=\"flip-box-image\"><img decoding=\"async\" width=\"80\" height=\"80\" src=\"https:\/\/tn-logistics.com\/wp-content\/uploads\/2026\/01\/cargo-ship-1-80x80.webp\" class=\"attachment-thumbnail size-thumbnail img-fluid squared\" alt=\"\" srcset=\"https:\/\/tn-logistics.com\/wp-content\/uploads\/2026\/01\/cargo-ship-1-80x80.webp 80w, https:\/\/tn-logistics.com\/wp-content\/uploads\/2026\/01\/cargo-ship-1.webp 512w\" sizes=\"(max-width: 80px) 100vw, 80px\" \/><\/div><h4 class=\"flip-box-title\">Terminal Logistique<\/h4><div class=\"flip-content\">Terminal moderne pour la r\u00e9ception et l\u2019exp\u00e9dition, am\u00e9liorant la coordination des flux.<\/div>\t\t\t\t\t<div class=\"cea-button-wrapper\">\n\t\t\t\t\t\t<a href=\"\/en\/terminal-logistique\/\" class=\"cea-button-link elementor-button cea-button elementor-size-sm\">\n\t\t\t\t\t\t\t\t\t\t<span class=\"cea-button-content-wrapper\">\n\t\t\t\t\t\t\t\t<span class=\"cea-button-icon cea-align-icon-right\">\n\t\t\t\t\t<i aria-hidden=\"true\" class=\"bi-chevron-double-right\"><\/i>\t\t\t\t<\/span>\n\t\t\t\t\t\t\t\t<span class=\"cea-button-text\">Savoir Plus<\/span>\n\t\t\t<\/span>\n\t\t\t\t\t\t\t\t\t<\/a>\n\t\t\t\t\t<\/div>\n\t\t\t\t\t<\/div><!-- .flip-back-inner --><\/div><!-- .flip-back --><\/div><!-- .flip-inner -->\t\t<\/div>\n\t\t\t\t<\/div>\n\t\t\t\t<div class=\"elementor-element elementor-element-a86fbe6 cus-service-flip cea-primary-icon-view-default cea-secondary-icon-view-default elementor-widget elementor-widget-ceaflipbox\" data-id=\"a86fbe6\" data-element_type=\"widget\" data-e-type=\"widget\" data-widget_type=\"ceaflipbox.default\">\n\t\t\t\t<div class=\"elementor-widget-container flip-box-wrapper\">\n\t\t\t<div class=\"flip-box-inner imghvr-fade\"><div class=\"flip-front\"><div class=\"flip-front-inner\"><div class=\"flip-box-image\"><img decoding=\"async\" src=\"https:\/\/tn-logistics.com\/wp-content\/uploads\/elementor\/thumbs\/serv-icon-2-1-rmypegh53lyxpf5hv6ai985hey31r3665jxy8pir28.webp\" title=\"serv-icon-2-1\" alt=\"serv-icon-2-1\" class=\"img-fluid squared\" \/><\/div><h4 class=\"flip-box-title\">Entreposage et Manutention<\/h4><\/div><!-- .flip-front-inner --><\/div><!-- .flip-front --><div class=\"flip-back\"><div class=\"flip-back-inner\"><div class=\"flip-box-image\"><img decoding=\"async\" width=\"80\" height=\"80\" src=\"https:\/\/tn-logistics.com\/wp-content\/uploads\/2026\/01\/serv-icon-2-1-80x80.webp\" class=\"attachment-thumbnail size-thumbnail img-fluid squared\" alt=\"\" srcset=\"https:\/\/tn-logistics.com\/wp-content\/uploads\/2026\/01\/serv-icon-2-1-80x80.webp 80w, https:\/\/tn-logistics.com\/wp-content\/uploads\/2026\/01\/serv-icon-2-1.webp 250w\" sizes=\"(max-width: 80px) 100vw, 80px\" \/><\/div><h4 class=\"flip-box-title\">Entreposage et Manutention<\/h4><div class=\"flip-content\">Propose des solutions s\u00e9curis\u00e9es avec un espace organis\u00e9 et une manutention par des \u00e9quipes.<\/div>\t\t\t\t\t<div class=\"cea-button-wrapper\">\n\t\t\t\t\t\t<a href=\"\/en\/entreposage-et-manutention\/\" class=\"cea-button-link elementor-button cea-button elementor-size-sm\">\n\t\t\t\t\t\t\t\t\t\t<span class=\"cea-button-content-wrapper\">\n\t\t\t\t\t\t\t\t<span class=\"cea-button-icon cea-align-icon-right\">\n\t\t\t\t\t<i aria-hidden=\"true\" class=\"bi-chevron-double-right\"><\/i>\t\t\t\t<\/span>\n\t\t\t\t\t\t\t\t<span class=\"cea-button-text\">Savoir plus<\/span>\n\t\t\t<\/span>\n\t\t\t\t\t\t\t\t\t<\/a>\n\t\t\t\t\t<\/div>\n\t\t\t\t\t<\/div><!-- .flip-back-inner --><\/div><!-- .flip-back --><\/div><!-- .flip-inner -->\t\t<\/div>\n\t\t\t\t<\/div>\n\t\t\t\t<div class=\"elementor-element elementor-element-dfefdd9 cus-service-flip cea-primary-icon-view-default cea-secondary-icon-view-default elementor-widget elementor-widget-ceaflipbox\" data-id=\"dfefdd9\" data-element_type=\"widget\" data-e-type=\"widget\" data-widget_type=\"ceaflipbox.default\">\n\t\t\t\t<div class=\"elementor-widget-container flip-box-wrapper\">\n\t\t\t<div class=\"flip-box-inner imghvr-fade\"><div class=\"flip-front\"><div class=\"flip-front-inner\"><div class=\"flip-box-image\"><img decoding=\"async\" src=\"https:\/\/tn-logistics.com\/wp-content\/uploads\/elementor\/thumbs\/serv-icon-4-1-rmypegh53lyxpf5hv6ai985hey31r3665jxy8pir28.webp\" title=\"serv-icon-4-1\" alt=\"serv-icon-4-1\" class=\"img-fluid squared\" \/><\/div><h4 class=\"flip-box-title\">Emballage et Fabrication<\/h4><\/div><!-- .flip-front-inner --><\/div><!-- .flip-front --><div class=\"flip-back\"><div class=\"flip-back-inner\"><div class=\"flip-box-image\"><img loading=\"lazy\" decoding=\"async\" width=\"80\" height=\"80\" src=\"https:\/\/tn-logistics.com\/wp-content\/uploads\/2026\/01\/serv-icon-4-1-80x80.webp\" class=\"attachment-thumbnail size-thumbnail img-fluid squared\" alt=\"\" srcset=\"https:\/\/tn-logistics.com\/wp-content\/uploads\/2026\/01\/serv-icon-4-1-80x80.webp 80w, https:\/\/tn-logistics.com\/wp-content\/uploads\/2026\/01\/serv-icon-4-1.webp 250w\" sizes=\"(max-width: 80px) 100vw, 80px\" \/><\/div><h4 class=\"flip-box-title\">Emballage et Fabrication<\/h4><div class=\"flip-content\">Garantit un emballage adapt\u00e9 et s\u00e9curis\u00e9 de vos produits, respectant les exigences sp\u00e9cifiques.<\/div>\t\t\t\t\t<div class=\"cea-button-wrapper\">\n\t\t\t\t\t\t<a href=\"\/en\/emballage-et-fabtication\/\" class=\"cea-button-link elementor-button cea-button elementor-size-sm\">\n\t\t\t\t\t\t\t\t\t\t<span class=\"cea-button-content-wrapper\">\n\t\t\t\t\t\t\t\t<span class=\"cea-button-icon cea-align-icon-right\">\n\t\t\t\t\t<i aria-hidden=\"true\" class=\"bi-chevron-double-right\"><\/i>\t\t\t\t<\/span>\n\t\t\t\t\t\t\t\t<span class=\"cea-button-text\">Savoir Plus<\/span>\n\t\t\t<\/span>\n\t\t\t\t\t\t\t\t\t<\/a>\n\t\t\t\t\t<\/div>\n\t\t\t\t\t<\/div><!-- .flip-back-inner --><\/div><!-- .flip-back --><\/div><!-- .flip-inner -->\t\t<\/div>\n\t\t\t\t<\/div>\n\t\t\t\t<div class=\"elementor-element elementor-element-067e8d3 cus-service-flip cea-primary-icon-view-default cea-secondary-icon-view-default elementor-widget elementor-widget-ceaflipbox\" data-id=\"067e8d3\" data-element_type=\"widget\" data-e-type=\"widget\" data-widget_type=\"ceaflipbox.default\">\n\t\t\t\t<div class=\"elementor-widget-container flip-box-wrapper\">\n\t\t\t<div class=\"flip-box-inner imghvr-fade\"><div class=\"flip-front\"><div class=\"flip-front-inner\"><div class=\"flip-box-image\"><img decoding=\"async\" src=\"https:\/\/tn-logistics.com\/wp-content\/uploads\/elementor\/thumbs\/formalite-diouaniere-rmypegh53lyxpf5hv6ai985hey31r3665jxy8pir28.webp\" title=\"formalite-\" alt=\"formalite-\" class=\"img-fluid squared\" \/><\/div><h4 class=\"flip-box-title\">Formalit\u00e9s Douani\u00e8res<\/h4><\/div><!-- .flip-front-inner --><\/div><!-- .flip-front --><div class=\"flip-back\"><div class=\"flip-back-inner\"><div class=\"flip-box-image\"><img loading=\"lazy\" decoding=\"async\" width=\"80\" height=\"80\" src=\"https:\/\/tn-logistics.com\/wp-content\/uploads\/2026\/01\/formalite-diouaniere-80x80.webp\" class=\"attachment-thumbnail size-thumbnail img-fluid squared\" alt=\"formalite-\" \/><\/div><h4 class=\"flip-box-title\">Formalit\u00e9s Douani\u00e8res<\/h4><div class=\"flip-content\">Prend en charge les d\u00e9marches douani\u00e8res pour simplifier vos op\u00e9rations internationales.<\/div>\t\t\t\t\t<div class=\"cea-button-wrapper\">\n\t\t\t\t\t\t<a href=\"\/en\/formalites-douanieres\/\" class=\"cea-button-link elementor-button cea-button elementor-size-sm\">\n\t\t\t\t\t\t\t\t\t\t<span class=\"cea-button-content-wrapper\">\n\t\t\t\t\t\t\t\t<span class=\"cea-button-icon cea-align-icon-right\">\n\t\t\t\t\t<i aria-hidden=\"true\" class=\"bi-chevron-double-right\"><\/i>\t\t\t\t<\/span>\n\t\t\t\t\t\t\t\t<span class=\"cea-button-text\">Savoir Plus<\/span>\n\t\t\t<\/span>\n\t\t\t\t\t\t\t\t\t<\/a>\n\t\t\t\t\t<\/div>\n\t\t\t\t\t<\/div><!-- .flip-back-inner --><\/div><!-- .flip-back --><\/div><!-- .flip-inner -->\t\t<\/div>\n\t\t\t\t<\/div>\n\t\t\t\t<div class=\"elementor-element elementor-element-88ce02d cus-service-flip cea-primary-icon-view-default cea-secondary-icon-view-default elementor-widget elementor-widget-ceaflipbox\" data-id=\"88ce02d\" data-element_type=\"widget\" data-e-type=\"widget\" data-widget_type=\"ceaflipbox.default\">\n\t\t\t\t<div class=\"elementor-widget-container flip-box-wrapper\">\n\t\t\t<div class=\"flip-box-inner imghvr-fade\"><div class=\"flip-front\"><div class=\"flip-front-inner\"><div class=\"flip-box-image\"><img decoding=\"async\" src=\"https:\/\/tn-logistics.com\/wp-content\/uploads\/elementor\/thumbs\/autres-services-rmypegh53lyxpf5hv6ai985hey31r3665jxy8pir28.webp\" title=\"autres-services\" alt=\"autres-services\" class=\"img-fluid squared\" \/><\/div><h4 class=\"flip-box-title\">Autres Services Logistiques<\/h4><\/div><!-- .flip-front-inner --><\/div><!-- .flip-front --><div class=\"flip-back\"><div class=\"flip-back-inner\"><div class=\"flip-box-image\"><img loading=\"lazy\" decoding=\"async\" width=\"80\" height=\"80\" src=\"https:\/\/tn-logistics.com\/wp-content\/uploads\/2026\/01\/autres-services-80x80.webp\" class=\"attachment-thumbnail size-thumbnail img-fluid squared\" alt=\"autres-services\" srcset=\"https:\/\/tn-logistics.com\/wp-content\/uploads\/2026\/01\/autres-services-80x80.webp 80w, https:\/\/tn-logistics.com\/wp-content\/uploads\/2026\/01\/autres-services.webp 250w\" sizes=\"(max-width: 80px) 100vw, 80px\" \/><\/div><h4 class=\"flip-box-title\">Autres Services Logistiques<\/h4><div class=\"flip-content\"> Offre des services compl\u00e9mentaires adapt\u00e9s \u00e0 des besoins sp\u00e9cifiques, avec une flexibilit\u00e9 d'accompagnement.<\/div>\t\t\t\t\t<div class=\"cea-button-wrapper\">\n\t\t\t\t\t\t<a href=\"\/en\/autres-services\/\" class=\"cea-button-link elementor-button cea-button elementor-size-sm\">\n\t\t\t\t\t\t\t\t\t\t<span class=\"cea-button-content-wrapper\">\n\t\t\t\t\t\t\t\t<span class=\"cea-button-icon cea-align-icon-right\">\n\t\t\t\t\t<i aria-hidden=\"true\" class=\"bi-chevron-double-right\"><\/i>\t\t\t\t<\/span>\n\t\t\t\t\t\t\t\t<span class=\"cea-button-text\">Savoir plus<\/span>\n\t\t\t<\/span>\n\t\t\t\t\t\t\t\t\t<\/a>\n\t\t\t\t\t<\/div>\n\t\t\t\t\t<\/div><!-- .flip-back-inner --><\/div><!-- .flip-back --><\/div><!-- .flip-inner -->\t\t<\/div>\n\t\t\t\t<\/div>\n\t\t\t\t<\/div>\n\t\t\t\t\t<\/div>\n\t\t\t\t<\/div>\n\t\t\t\t<\/div>","protected":false},"excerpt":{"rendered":"<p>Nos Services de Transport et Logistique Explorez une offre compl\u00e8te de services de transport et de logistique, pens\u00e9e pour r\u00e9pondre aux exigences de votre activit\u00e9. Chaque solution..<\/p>","protected":false},"author":1,"featured_media":44379,"parent":0,"menu_order":0,"comment_status":"closed","ping_status":"closed","template":"","meta":{"footnotes":""},"class_list":["post-44049","page","type-page","status-publish","has-post-thumbnail","hentry"],"_links":{"self":[{"href":"https:\/\/tn-logistics.com\/en\/wp-json\/wp\/v2\/pages\/44049","targetHints":{"allow":["GET"]}}],"collection":[{"href":"https:\/\/tn-logistics.com\/en\/wp-json\/wp\/v2\/pages"}],"about":[{"href":"https:\/\/tn-logistics.com\/en\/wp-json\/wp\/v2\/types\/page"}],"author":[{"embeddable":true,"href":"https:\/\/tn-logistics.com\/en\/wp-json\/wp\/v2\/users\/1"}],"replies":[{"embeddable":true,"href":"https:\/\/tn-logistics.com\/en\/wp-json\/wp\/v2\/comments?post=44049"}],"version-history":[{"count":9,"href":"https:\/\/tn-logistics.com\/en\/wp-json\/wp\/v2\/pages\/44049\/revisions"}],"predecessor-version":[{"id":44412,"href":"https:\/\/tn-logistics.com\/en\/wp-json\/wp\/v2\/pages\/44049\/revisions\/44412"}],"wp:featuredmedia":[{"embeddable":true,"href":"https:\/\/tn-logistics.com\/en\/wp-json\/wp\/v2\/media\/44379"}],"wp:attachment":[{"href":"https:\/\/tn-logistics.com\/en\/wp-json\/wp\/v2\/media?parent=44049"}],"curies":[{"name":"wp","href":"https:\/\/api.w.org\/{rel}","templated":true}]}}